{"id":124,"date":"2025-11-07T15:45:18","date_gmt":"2025-11-07T15:45:18","guid":{"rendered":"https:\/\/linieb.dk\/?page_id=124"},"modified":"2025-11-07T15:46:57","modified_gmt":"2025-11-07T15:46:57","slug":"bestyrelsen","status":"publish","type":"page","link":"https:\/\/linieb.dk\/index.php\/bestyrelsen\/","title":{"rendered":"Bestyrelsen"},"content":{"rendered":"\n<p>Formand        Marianne Borum                       formand@linieb.dk<\/p>\n\n\n\n<p>Kasserer         Lis Hansen                                   kasserer@linieb.dk<\/p>\n\n\n\n<p>Bestyrelse :<\/p>\n\n\n\n<p>Pia Schr\u00f8der<\/p>\n\n\n\n<p>                            Marianne Toft<\/p>\n\n\n\n<p>                            Birgit Stove<\/p>\n\n\n\n<p>Instrukt\u00f8rer   Pia Scr\u00f8der og Helle Hjort Kl\u00f8nne<\/p>\n","protected":false},"excerpt":{"rendered":"<p>Formand Marianne Borum formand@linieb.dk Kasserer Lis Hansen kasserer@linieb.dk Bestyrelse : Pia Schr\u00f8der Marianne Toft Birgit Stove Instrukt\u00f8rer Pia Scr\u00f8der og Helle Hjort Kl\u00f8nne<\/p>\n","protected":false},"author":1,"featured_media":0,"parent":0,"menu_order":0,"comment_status":"closed","ping_status":"closed","template":"","meta":{"footnotes":""},"class_list":["post-124","page","type-page","status-publish","hentry"],"_links":{"self":[{"href":"https:\/\/linieb.dk\/index.php\/wp-json\/wp\/v2\/pages\/124","targetHints":{"allow":["GET"]}}],"collection":[{"href":"https:\/\/linieb.dk\/index.php\/wp-json\/wp\/v2\/pages"}],"about":[{"href":"https:\/\/linieb.dk\/index.php\/wp-json\/wp\/v2\/types\/page"}],"author":[{"embeddable":true,"href":"https:\/\/linieb.dk\/index.php\/wp-json\/wp\/v2\/users\/1"}],"replies":[{"embeddable":true,"href":"https:\/\/linieb.dk\/index.php\/wp-json\/wp\/v2\/comments?post=124"}],"version-history":[{"count":2,"href":"https:\/\/linieb.dk\/index.php\/wp-json\/wp\/v2\/pages\/124\/revisions"}],"predecessor-version":[{"id":126,"href":"https:\/\/linieb.dk\/index.php\/wp-json\/wp\/v2\/pages\/124\/revisions\/126"}],"wp:attachment":[{"href":"https:\/\/linieb.dk\/index.php\/wp-json\/wp\/v2\/media?parent=124"}],"curies":[{"name":"wp","href":"https:\/\/api.w.org\/{rel}","templated":true}]}}